{"id":16,"date":"2017-03-02T09:54:57","date_gmt":"2017-03-02T08:54:57","guid":{"rendered":"http:\/\/nstbv.nl\/?page_id=16"},"modified":"2024-02-26T13:40:02","modified_gmt":"2024-02-26T12:40:02","slug":"over-ons","status":"publish","type":"page","link":"https:\/\/nstbv.nl\/de\/over-ons\/","title":{"rendered":"(Nederlands) Over ons"},"content":{"rendered":"<div id=\"pl-16\"><div class=\"panel-grid\" id=\"pg-16-0\" ><div class=\"siteorigin-panels-stretch panel-row-style-full-width panel-row-style\" style=\"background-image: url(https:\/\/nstbv.nl\/wp-content\/uploads\/2017\/03\/Schermafbeelding-2017-02-16-om-16.52.09-copy.png);background-size: cover;\" data-stretch-type=\"full\" ><div class=\"panel-grid-cell\" id=\"pgc-16-0-0\" ><div class=\"so-panel widget widget_sow-editor panel-first-child panel-last-child\" id=\"panel-16-0-0-0\" data-index=\"0\"><div class=\"panel-widget-style\" ><div class=\"so-widget-sow-editor so-widget-sow-editor-base\"><h3 class=\"widget-title\">Lernen Sie uns kennen<\/h3>\n<div class=\"siteorigin-widget-tinymce textwidget\">\n\t<p><strong><\/p>\n<p style=\"text-align: center;\"><strong><\/p>\n<p style=\"text-align: center;\">\u00a0<strong>NST ist seit \u00fcber 50 Jahren auf elektrische Ausr\u00fcstungen f\u00fcr Schifffahrt, Offshore, Industrie, Automobil und Solar spezialisiert.<\/strong><\/p>\n<p style=\"text-align: center;\">Sie werden uns wahrscheinlich von den Victron-Energiesystemen kennen. Wir sind stolz darauf, dass wir der erste Victron-Distributor der Welt sind. Als professioneller Partner von Victron Energy arbeiten wir seit 43 Jahren zusammen, um die Energiefragen zu l\u00f6sen. Wenn Sie sich f\u00fcr NST entscheiden, m\u00fcssen Sie sich f\u00fcr ein Unternehmen entscheiden, das Ihre Situation und die Situation Ihres Kunden kennt. Wir sind darauf spezialisiert, L\u00f6sungen f\u00fcr Sie und Ihren Kunden zu entwickeln. Aus unserer langj\u00e4hrigen Erfahrung in der Binnenschifffahrt wissen wir wie kaum ein anderer, dass es wichtig ist, technische L\u00f6sungen schnell zu entwickeln und das ben\u00f6tigte Material rechtzeitig zu liefern.<br \/>\nWir verf\u00fcgen \u00fcber eine eigene Service- und Reparaturabteilung. Dies gibt uns die M\u00f6glichkeit zu entscheiden, ob defekte Ger\u00e4te ersetzt werden m\u00fcssen oder ob eine Reparatur noch m\u00f6glich ist.<br \/>\nUnser Team ist immer bereit, Sie bei Ihren technischen Herausforderungen zu unterst\u00fctzen!<\/p>\n<\/div>\n<\/div><\/div><\/div><\/div><\/div><\/div><div class=\"panel-grid\" id=\"pg-16-1\" ><div class=\"panel-row-style-background_img siteorigin-panels-stretch background_img panel-row-style-full-width panel-row-style\" style=\"background-image: url(https:\/\/nstbv.nl\/wp-content\/uploads\/2017\/03\/solar-panel-array-power-sun-electricity-159397.jpg);background-size: cover;\" data-stretch-type=\"full\" ><div class=\"panel-grid-cell panel-grid-cell-empty\" id=\"pgc-16-1-0\" ><\/div><\/div><\/div><div class=\"panel-grid\" id=\"pg-16-2\" ><div class=\"siteorigin-panels-stretch panel-row-style-full-width panel-row-style\" style=\"background-image: url(https:\/\/nstbv.nl\/wp-content\/uploads\/2017\/03\/Schermafbeelding-2017-02-16-om-16.52.09-copy.png);background-size: cover;\" data-stretch-type=\"full\" ><div class=\"panel-grid-cell\" id=\"pgc-16-2-0\" ><div class=\"so-panel widget widget_sow-editor panel-first-child panel-last-child\" id=\"panel-16-2-0-0\" data-index=\"1\"><div class=\"so-widget-sow-editor so-widget-sow-editor-base\">\n<div class=\"siteorigin-widget-tinymce textwidget\">\n\t<p>(Nederlands) <\/p>\n<p style=\"text-align: center;\">Heeft u behoefte aan een sparring partner op maat, iemand die uw idee\u00ebn kan vertalen in een technische oplossing neem dan direct contact met ons op voor het maken van een afspraak. Of het nu gaat om verlichtingsplannen voor uw schip, technische inrichting van uw bedrijfswagen, of de zonnepanelen op uw vakantiewoning wij hebben voor elke uitdaging een passende oplossing. \u00a0Door op de winkelwagenbutton aan de linkerzijde van uw scherm te drukken komt u in onze e-order omgeving wat direct een naslagwerk is voor ons leveringsprogramma.Indien u ook een persoonlijk inlog account wilt laten aanmaken neem dan contact met ons op.<br \/>\nWij zitten voor u klaar!<\/p>\n<p style=\"text-align: center;\">\n<\/div>\n<\/div><\/div><\/div><\/div><\/div><\/div>","protected":false},"excerpt":{"rendered":"<p>Lernen Sie uns kennen \u00a0NST ist seit \u00fcber 50 Jahren auf elektrische Ausr\u00fcstungen f\u00fcr Schifffahrt, Offshore, Industrie, Automobil und Solar spezialisiert. Sie werden uns wahrscheinlich von den Victron-Energiesystemen kennen. Wir sind stolz darauf, dass wir der erste Victron-Distributor der Welt sind. Als professioneller Partner von Victron Energy arbeiten wir seit 43 Jahren zusammen, um die [&hellip;]<\/p>\n","protected":false},"author":1,"featured_media":0,"parent":0,"menu_order":0,"comment_status":"closed","ping_status":"closed","template":"templates\/template-full-notitle.php","meta":{"footnotes":""},"_links":{"self":[{"href":"https:\/\/nstbv.nl\/de\/wp-json\/wp\/v2\/pages\/16"}],"collection":[{"href":"https:\/\/nstbv.nl\/de\/wp-json\/wp\/v2\/pages"}],"about":[{"href":"https:\/\/nstbv.nl\/de\/wp-json\/wp\/v2\/types\/page"}],"author":[{"embeddable":true,"href":"https:\/\/nstbv.nl\/de\/wp-json\/wp\/v2\/users\/1"}],"replies":[{"embeddable":true,"href":"https:\/\/nstbv.nl\/de\/wp-json\/wp\/v2\/comments?post=16"}],"version-history":[{"count":10,"href":"https:\/\/nstbv.nl\/de\/wp-json\/wp\/v2\/pages\/16\/revisions"}],"predecessor-version":[{"id":959,"href":"https:\/\/nstbv.nl\/de\/wp-json\/wp\/v2\/pages\/16\/revisions\/959"}],"wp:attachment":[{"href":"https:\/\/nstbv.nl\/de\/wp-json\/wp\/v2\/media?parent=16"}],"curies":[{"name":"wp","href":"https:\/\/api.w.org\/{rel}","templated":true}]}}