{"id":247,"date":"2017-04-26T11:34:19","date_gmt":"2017-04-26T09:34:19","guid":{"rendered":"http:\/\/nstbv.nl\/?page_id=247"},"modified":"2018-11-06T12:34:58","modified_gmt":"2018-11-06T11:34:58","slug":"betaalmogelijkheden","status":"publish","type":"page","link":"https:\/\/nstbv.nl\/de\/betaalmogelijkheden\/","title":{"rendered":"Zahlungsm\u00f6glichkeiten"},"content":{"rendered":"<div id=\"pl-247\"><div class=\"panel-grid\" id=\"pg-247-0\" ><div class=\"panel-grid-cell\" id=\"pgc-247-0-0\" ><div class=\"so-panel widget widget_sow-editor panel-first-child panel-last-child\" id=\"panel-247-0-0-0\" data-index=\"0\"><div class=\"so-widget-sow-editor so-widget-sow-editor-base\">\n<div class=\"siteorigin-widget-tinymce textwidget\">\n\t<p>F\u00fcr Eink\u00e4ufe \u00fcber unser E-Order-System k\u00f6nnen Sie mit\u00a0 \"Sofort banking\" oder \"Bancontact\" (MrCash) bezahlen.<br \/>\nNach Abschluss Ihrer Bestellung werden Sie mit der Website unseres Zahlungsanbieters Sisow verlinkt.<br \/>\nWenn Sie ein Konto bei uns haben, erhalten Sie die Rechnung automatisch per Post.<br \/>\nBei Lieferung auf Rechnung gilt eine strikte Zahlungsfrist von 30 Tagen nach Rechnungsdatum.<\/p>\n<p>Wir bitten Sie, keine Betr\u00e4ge auf unser Konto zu \u00fcberweisen, ohne die Rechnungsnummer und Ihre Kundenummer anzugeben.<\/p>\n<p>Nachfolgend finden Sie alle Transaktionsdaten:<\/p>\n<p>K.v.K Rotterdam: 29039342<\/p>\n<p>Umsatzsteuer-Identifikationsnummer: NL 0031.24.411.B01<br \/>\nIBAN: NL37 RABO 0307 1175 88<\/p>\n<\/div>\n<\/div><\/div><\/div><\/div><\/div>","protected":false},"excerpt":{"rendered":"<p>F\u00fcr Eink\u00e4ufe \u00fcber unser E-Order-System k\u00f6nnen Sie mit\u00a0 &#8222;Sofort banking&#8220; oder &#8222;Bancontact&#8220; (MrCash) bezahlen. Nach Abschluss Ihrer Bestellung werden Sie mit der Website unseres Zahlungsanbieters Sisow verlinkt. Wenn Sie ein Konto bei uns haben, erhalten Sie die Rechnung automatisch per Post. Bei Lieferung auf Rechnung gilt eine strikte Zahlungsfrist von 30 Tagen nach Rechnungsdatum. Wir [&hellip;]<\/p>\n","protected":false},"author":2,"featured_media":0,"parent":0,"menu_order":0,"comment_status":"closed","ping_status":"closed","template":"","meta":{"footnotes":""},"_links":{"self":[{"href":"https:\/\/nstbv.nl\/de\/wp-json\/wp\/v2\/pages\/247"}],"collection":[{"href":"https:\/\/nstbv.nl\/de\/wp-json\/wp\/v2\/pages"}],"about":[{"href":"https:\/\/nstbv.nl\/de\/wp-json\/wp\/v2\/types\/page"}],"author":[{"embeddable":true,"href":"https:\/\/nstbv.nl\/de\/wp-json\/wp\/v2\/users\/2"}],"replies":[{"embeddable":true,"href":"https:\/\/nstbv.nl\/de\/wp-json\/wp\/v2\/comments?post=247"}],"version-history":[{"count":6,"href":"https:\/\/nstbv.nl\/de\/wp-json\/wp\/v2\/pages\/247\/revisions"}],"predecessor-version":[{"id":566,"href":"https:\/\/nstbv.nl\/de\/wp-json\/wp\/v2\/pages\/247\/revisions\/566"}],"wp:attachment":[{"href":"https:\/\/nstbv.nl\/de\/wp-json\/wp\/v2\/media?parent=247"}],"curies":[{"name":"wp","href":"https:\/\/api.w.org\/{rel}","templated":true}]}}